{"id":10,"date":"2024-01-10T13:25:10","date_gmt":"2024-01-10T12:25:10","guid":{"rendered":"http:\/\/kiykcno.cluster029.hosting.ovh.net\/?page_id=10"},"modified":"2024-02-24T15:00:53","modified_gmt":"2024-02-24T14:00:53","slug":"a-propos-de","status":"publish","type":"page","link":"https:\/\/castelnau-psy.com\/index.php\/a-propos-de\/","title":{"rendered":"Pr\u00e9sentation"},"content":{"rendered":"\n<div class=\"wp-block-media-text has-media-on-the-right is-stacked-on-mobile\" style=\"grid-template-columns:auto 18%\"><div class=\"wp-block-media-text__content\">\n<p><\/p>\n\n\n\n<p>Je travaille depuis plus de 20 ans au sein d&rsquo;une association d\u00e9partementale de soutien \u00e0 la parentalit\u00e9, l&rsquo;Ecole des Parents et des Educateurs de l&rsquo;H\u00e9rault. Je b\u00e9n\u00e9ficie donc d&rsquo;un partenariat professionnel riche et actif.<\/p>\n\n\n\n<p>J&rsquo;accompagne des familles, des parents, des enfants, des adolescents et des jeunes adultes (Point Accueil Ecoute Jeunes) sur tout le d\u00e9partement. Les probl\u00e9matiques et les situations rencontr\u00e9es sont vari\u00e9es, n\u00e9cessitant sens de l&rsquo;\u00e9coute et capacit\u00e9 d&rsquo;adaptation.<\/p>\n\n\n\n<p>Form\u00e9e en th\u00e9rapie familiale syst\u00e9mique, je r\u00e9alise des entretiens familiaux, th\u00e9rapies familiales et th\u00e9rapies de couple.<\/p>\n\n\n\n<p>Mes exp\u00e9riences cliniques en Centre de soin sp\u00e9cialis\u00e9 en toxicomanie et Centre Municipal de Sant\u00e9 (A Lyon, Marseille et Paris) m&rsquo;ont apport\u00e9 une sensibilit\u00e9 et une approche int\u00e9grative dans la prise en charge des conduites addictives.<\/p>\n\n\n\n<p>Je r\u00e9alise \u00e9galement des formations et des groupes d&rsquo;analyse de la pratique pour les professionnels m\u00e9dicaux, param\u00e9dicaux et socio-\u00e9ducatifs.<\/p>\n<\/div><figure class=\"wp-block-media-text__media\"><img loading=\"lazy\" decoding=\"async\" width=\"262\" height=\"262\" src=\"http:\/\/castelnau-psy.com\/wp-content\/uploads\/2024\/01\/Sophie.webp\" alt=\"\" class=\"wp-image-79 size-full\" srcset=\"https:\/\/castelnau-psy.com\/wp-content\/uploads\/2024\/01\/Sophie.webp 262w, https:\/\/castelnau-psy.com\/wp-content\/uploads\/2024\/01\/Sophie-150x150.webp 150w, https:\/\/castelnau-psy.com\/wp-content\/uploads\/2024\/01\/Sophie-100x100.webp 100w\" sizes=\"auto, (max-width: 262px) 100vw, 262px\" \/><\/figure><\/div>\n","protected":false},"excerpt":{"rendered":"<p>Je travaille depuis plus de 20 ans au sein d&rsquo;une association d\u00e9partementale de soutien \u00e0 la parentalit\u00e9, l&rsquo;Ecole des Parents [&hellip;]<\/p>\n","protected":false},"author":1,"featured_media":0,"parent":0,"menu_order":0,"comment_status":"closed","ping_status":"closed","template":"","meta":{"site-sidebar-layout":"default","site-content-layout":"","ast-site-content-layout":"","site-content-style":"default","site-sidebar-style":"default","ast-global-header-display":"","ast-banner-title-visibility":"","ast-main-header-display":"","ast-hfb-above-header-display":"","ast-hfb-below-header-display":"","ast-hfb-mobile-header-display":"","site-post-title":"disabled","ast-breadcrumbs-content":"","ast-featured-img":"","footer-sml-layout":"","theme-transparent-header-meta":"","adv-header-id-meta":"","stick-header-meta":"","header-above-stick-meta":"","header-main-stick-meta":"","header-below-stick-meta":"","astra-migrate-meta-layouts":"default","ast-page-background-enabled":"default","ast-page-background-meta":{"desktop":{"background-color":"var(--ast-global-color-4)","background-image":"","background-repeat":"repeat","background-position":"center center","background-size":"auto","background-attachment":"scroll","background-type":"","background-media":"","overlay-type":"","overlay-color":"","overlay-gradient":""},"tablet":{"background-color":"","background-image":"","background-repeat":"repeat","background-position":"center center","background-size":"auto","background-attachment":"scroll","background-type":"","background-media":"","overlay-type":"","overlay-color":"","overlay-gradient":""},"mobile":{"background-color":"","background-image":"","background-repeat":"repeat","background-position":"center center","background-size":"auto","background-attachment":"scroll","background-type":"","background-media":"","overlay-type":"","overlay-color":"","overlay-gradient":""}},"ast-content-background-meta":{"desktop":{"background-color":"var(--ast-global-color-5)","background-image":"","background-repeat":"repeat","background-position":"center center","background-size":"auto","background-attachment":"scroll","background-type":"","background-media":"","overlay-type":"","overlay-color":"","overlay-gradient":""},"tablet":{"background-color":"var(--ast-global-color-5)","background-image":"","background-repeat":"repeat","background-position":"center center","background-size":"auto","background-attachment":"scroll","background-type":"","background-media":"","overlay-type":"","overlay-color":"","overlay-gradient":""},"mobile":{"background-color":"var(--ast-global-color-5)","background-image":"","background-repeat":"repeat","background-position":"center center","background-size":"auto","background-attachment":"scroll","background-type":"","background-media":"","overlay-type":"","overlay-color":"","overlay-gradient":""}},"footnotes":""},"class_list":["post-10","page","type-page","status-publish","hentry"],"_links":{"self":[{"href":"https:\/\/castelnau-psy.com\/index.php\/wp-json\/wp\/v2\/pages\/10","targetHints":{"allow":["GET"]}}],"collection":[{"href":"https:\/\/castelnau-psy.com\/index.php\/wp-json\/wp\/v2\/pages"}],"about":[{"href":"https:\/\/castelnau-psy.com\/index.php\/wp-json\/wp\/v2\/types\/page"}],"author":[{"embeddable":true,"href":"https:\/\/castelnau-psy.com\/index.php\/wp-json\/wp\/v2\/users\/1"}],"replies":[{"embeddable":true,"href":"https:\/\/castelnau-psy.com\/index.php\/wp-json\/wp\/v2\/comments?post=10"}],"version-history":[{"count":16,"href":"https:\/\/castelnau-psy.com\/index.php\/wp-json\/wp\/v2\/pages\/10\/revisions"}],"predecessor-version":[{"id":244,"href":"https:\/\/castelnau-psy.com\/index.php\/wp-json\/wp\/v2\/pages\/10\/revisions\/244"}],"wp:attachment":[{"href":"https:\/\/castelnau-psy.com\/index.php\/wp-json\/wp\/v2\/media?parent=10"}],"curies":[{"name":"wp","href":"https:\/\/api.w.org\/{rel}","templated":true}]}}