{"id":9,"date":"2024-01-10T13:25:10","date_gmt":"2024-01-10T12:25:10","guid":{"rendered":"http:\/\/kiykcno.cluster029.hosting.ovh.net\/?page_id=9"},"modified":"2024-03-20T19:40:44","modified_gmt":"2024-03-20T18:40:44","slug":"accueil","status":"publish","type":"page","link":"https:\/\/castelnau-psy.com\/","title":{"rendered":"Accueil"},"content":{"rendered":"\n<div class=\"wp-block-columns are-vertically-aligned-center is-layout-flex wp-container-core-columns-is-layout-28f84493 wp-block-columns-is-layout-flex\">\n<div class=\"wp-block-column is-vertically-aligned-center is-layout-flow wp-block-column-is-layout-flow\">\n<h5 class=\"wp-block-heading has-text-align-center\">Psychologue clinicienne form\u00e9e en th\u00e9rapie familiale syst\u00e9mique, je vous propose des consultations adapt\u00e9es \u00e0 vos besoins : approches, outils et rythme des s\u00e9ances.<\/h5>\n<\/div>\n\n\n\n<div class=\"wp-block-column is-vertically-aligned-center is-layout-flow wp-block-column-is-layout-flow\">\n<h5 class=\"wp-block-heading has-text-align-center\">G\u00e9n\u00e9raliste, j&rsquo;accompagne depuis plus de 20 ans des enfants, des adolescents,                           des jeunes adultes et des parents. <\/h5>\n<\/div>\n\n\n\n<div class=\"wp-block-column is-vertically-aligned-center is-layout-flow wp-block-column-is-layout-flow\">\n<h5 class=\"wp-block-heading has-text-align-center\">Je vous re\u00e7ois dans mon cabinet de Castelnau-le-Lez pour des s\u00e9ances individuelles, familiales ou de couples. <\/h5>\n<\/div>\n<\/div>\n\n\n\n<div class=\"wp-block-columns is-layout-flex wp-container-core-columns-is-layout-28f84493 wp-block-columns-is-layout-flex\">\n<div class=\"wp-block-column is-layout-flow wp-block-column-is-layout-flow\">\n<figure class=\"wp-block-image size-full\"><img loading=\"lazy\" decoding=\"async\" width=\"378\" height=\"282\" src=\"http:\/\/castelnau-psy.com\/wp-content\/uploads\/2024\/03\/image.png\" alt=\"L\u2019attribut alt de cette image est vide, son nom de fichier est Cabinet.png.\" class=\"wp-image-255\" srcset=\"https:\/\/castelnau-psy.com\/wp-content\/uploads\/2024\/03\/image.png 378w, https:\/\/castelnau-psy.com\/wp-content\/uploads\/2024\/03\/image-300x224.png 300w\" sizes=\"auto, (max-width: 378px) 100vw, 378px\" \/><\/figure>\n<\/div>\n\n\n\n<div class=\"wp-block-column is-layout-flow wp-block-column-is-layout-flow\">\n<figure class=\"wp-block-image size-full\"><img loading=\"lazy\" decoding=\"async\" width=\"378\" height=\"282\" src=\"http:\/\/castelnau-psy.com\/wp-content\/uploads\/2024\/03\/Salle-dattente.png\" alt=\"\" class=\"wp-image-258\" srcset=\"https:\/\/castelnau-psy.com\/wp-content\/uploads\/2024\/03\/Salle-dattente.png 378w, https:\/\/castelnau-psy.com\/wp-content\/uploads\/2024\/03\/Salle-dattente-300x224.png 300w\" sizes=\"auto, (max-width: 378px) 100vw, 378px\" \/><\/figure>\n<\/div>\n\n\n\n<div class=\"wp-block-column is-layout-flow wp-block-column-is-layout-flow\">\n<figure class=\"wp-block-image size-full\"><img loading=\"lazy\" decoding=\"async\" width=\"378\" height=\"282\" src=\"https:\/\/castelnau-psy.com\/wp-content\/uploads\/2024\/03\/Entree.png\" alt=\"\" class=\"wp-image-259\" srcset=\"https:\/\/castelnau-psy.com\/wp-content\/uploads\/2024\/03\/Entree.png 378w, https:\/\/castelnau-psy.com\/wp-content\/uploads\/2024\/03\/Entree-300x224.png 300w\" sizes=\"auto, (max-width: 378px) 100vw, 378px\" \/><\/figure>\n<\/div>\n<\/div>\n","protected":false},"excerpt":{"rendered":"<p>Psychologue clinicienne form\u00e9e en th\u00e9rapie familiale syst\u00e9mique, je vous propose des consultations adapt\u00e9es \u00e0 vos besoins : approches, outils et [&hellip;]<\/p>\n","protected":false},"author":1,"featured_media":121,"parent":0,"menu_order":0,"comment_status":"closed","ping_status":"closed","template":"","meta":{"site-sidebar-layout":"default","site-content-layout":"","ast-site-content-layout":"","site-content-style":"default","site-sidebar-style":"default","ast-global-header-display":"","ast-banner-title-visibility":"","ast-main-header-display":"","ast-hfb-above-header-display":"","ast-hfb-below-header-display":"","ast-hfb-mobile-header-display":"","site-post-title":"disabled","ast-breadcrumbs-content":"","ast-featured-img":"","footer-sml-layout":"","theme-transparent-header-meta":"","adv-header-id-meta":"","stick-header-meta":"","header-above-stick-meta":"","header-main-stick-meta":"","header-below-stick-meta":"","astra-migrate-meta-layouts":"default","ast-page-background-enabled":"default","ast-page-background-meta":{"desktop":{"background-color":"var(--ast-global-color-4)","background-image":"","background-repeat":"repeat","background-position":"center center","background-size":"auto","background-attachment":"scroll","background-type":"","background-media":"","overlay-type":"","overlay-color":"","overlay-gradient":""},"tablet":{"background-color":"","background-image":"","background-repeat":"repeat","background-position":"center center","background-size":"auto","background-attachment":"scroll","background-type":"","background-media":"","overlay-type":"","overlay-color":"","overlay-gradient":""},"mobile":{"background-color":"","background-image":"","background-repeat":"repeat","background-position":"center center","background-size":"auto","background-attachment":"scroll","background-type":"","background-media":"","overlay-type":"","overlay-color":"","overlay-gradient":""}},"ast-content-background-meta":{"desktop":{"background-color":"var(--ast-global-color-5)","background-image":"","background-repeat":"repeat","background-position":"center center","background-size":"auto","background-attachment":"scroll","background-type":"","background-media":"","overlay-type":"","overlay-color":"","overlay-gradient":""},"tablet":{"background-color":"var(--ast-global-color-5)","background-image":"","background-repeat":"repeat","background-position":"center center","background-size":"auto","background-attachment":"scroll","background-type":"","background-media":"","overlay-type":"","overlay-color":"","overlay-gradient":""},"mobile":{"background-color":"var(--ast-global-color-5)","background-image":"","background-repeat":"repeat","background-position":"center center","background-size":"auto","background-attachment":"scroll","background-type":"","background-media":"","overlay-type":"","overlay-color":"","overlay-gradient":""}},"footnotes":""},"class_list":["post-9","page","type-page","status-publish","has-post-thumbnail","hentry"],"_links":{"self":[{"href":"https:\/\/castelnau-psy.com\/index.php\/wp-json\/wp\/v2\/pages\/9","targetHints":{"allow":["GET"]}}],"collection":[{"href":"https:\/\/castelnau-psy.com\/index.php\/wp-json\/wp\/v2\/pages"}],"about":[{"href":"https:\/\/castelnau-psy.com\/index.php\/wp-json\/wp\/v2\/types\/page"}],"author":[{"embeddable":true,"href":"https:\/\/castelnau-psy.com\/index.php\/wp-json\/wp\/v2\/users\/1"}],"replies":[{"embeddable":true,"href":"https:\/\/castelnau-psy.com\/index.php\/wp-json\/wp\/v2\/comments?post=9"}],"version-history":[{"count":31,"href":"https:\/\/castelnau-psy.com\/index.php\/wp-json\/wp\/v2\/pages\/9\/revisions"}],"predecessor-version":[{"id":275,"href":"https:\/\/castelnau-psy.com\/index.php\/wp-json\/wp\/v2\/pages\/9\/revisions\/275"}],"wp:featuredmedia":[{"embeddable":true,"href":"https:\/\/castelnau-psy.com\/index.php\/wp-json\/wp\/v2\/media\/121"}],"wp:attachment":[{"href":"https:\/\/castelnau-psy.com\/index.php\/wp-json\/wp\/v2\/media?parent=9"}],"curies":[{"name":"wp","href":"https:\/\/api.w.org\/{rel}","templated":true}]}}